{"id":19,"date":"2024-05-28T16:49:59","date_gmt":"2024-05-28T16:49:59","guid":{"rendered":"http:\/\/jansen-meeresfunkeln.de\/?page_id=19"},"modified":"2024-05-28T19:15:29","modified_gmt":"2024-05-28T19:15:29","slug":"19-2","status":"publish","type":"page","link":"https:\/\/jansen-meeresfunkeln.de\/","title":{"rendered":"JANSEN MEERESFUNKELN"},"content":{"rendered":"\n\n\n\u00a0\n<h3 class=\"wp-block-heading is-layout-flow wp-block-column-is-layout-flow\" style=\"font-style: normal; font-weight: 600;\">\u00a0<\/h3>\n\n<p>Experience the fusion of imagination and expertise with \u00c9tudes Architectural Solutions.<\/p>\n\n\n\n<h3 class=\"wp-block-heading is-layout-flow wp-block-column-is-layout-flow\" style=\"font-style: normal; font-weight: 600;\">Architectural Solutions<\/h3>\n\n\n<h3 class=\"wp-block-heading is-layout-flow wp-block-column-is-layout-flow\">\u00c9tudes Newsletter<\/h3>\n\n<ul class=\"wp-block-list\" style=\"line-height: 1.75;\"><\/ul>\n\u00a0\n\n\u00a0\n\n\n\t\t\n\t\t\t<style>\/*! elementor - v3.21.0 - 26-05-2024 *\/\n.elementor-widget-image{text-align:center}.elementor-widget-image a{display:inline-block}.elementor-widget-image a img[src$=\".svg\"]{width:48px}.elementor-widget-image img{vertical-align:middle;display:inline-block}<\/style>\t\t\t\t\t\t\t\t\t\t<img decoding=\"async\" src=\"http:\/\/jansen-meeresfunkeln.de\/wp-content\/plugins\/elementor\/assets\/images\/placeholder.png\" title=\"\" alt=\"\" loading=\"lazy\" \/>\t\t\t\t\t\t\t\t\t\t\t\t\t\n\t\t\t\t\t\t\t\t\t\t\t\t\t<img decoding=\"async\" src=\"http:\/\/jansen-meeresfunkeln.de\/wp-content\/plugins\/elementor\/assets\/images\/placeholder.png\" title=\"\" alt=\"\" loading=\"lazy\" \/>\t\t\t\t\t\t\t\t\t\t\t\t\t\n\t\t\t<style>\/*! elementor - v3.21.0 - 26-05-2024 *\/\n.elementor-column .elementor-spacer-inner{height:var(--spacer-size)}.e-con{--container-widget-width:100%}.e-con-inner>.elementor-widget-spacer,.e-con>.elementor-widget-spacer{width:var(--container-widget-width,var(--spacer-size));--align-self:var(--container-widget-align-self,initial);--flex-shrink:0}.e-con-inner>.elementor-widget-spacer>.elementor-widget-container,.e-con>.elementor-widget-spacer>.elementor-widget-container{height:100%;width:100%}.e-con-inner>.elementor-widget-spacer>.elementor-widget-container>.elementor-spacer,.e-con>.elementor-widget-spacer>.elementor-widget-container>.elementor-spacer{height:100%}.e-con-inner>.elementor-widget-spacer>.elementor-widget-container>.elementor-spacer>.elementor-spacer-inner,.e-con>.elementor-widget-spacer>.elementor-widget-container>.elementor-spacer>.elementor-spacer-inner{height:var(--container-widget-height,var(--spacer-size))}.e-con-inner>.elementor-widget-spacer.elementor-widget-empty,.e-con>.elementor-widget-spacer.elementor-widget-empty{position:relative;min-height:22px;min-width:22px}.e-con-inner>.elementor-widget-spacer.elementor-widget-empty .elementor-widget-empty-icon,.e-con>.elementor-widget-spacer.elementor-widget-empty .elementor-widget-empty-icon{position:absolute;top:0;bottom:0;left:0;right:0;margin:auto;padding:0;width:22px;height:22px}<\/style><!-- \/wp:columns --><!-- wp:group {\"align\":\"full\",\"style\":{\"spacing\":{\"margin\":{\"top\":\"0\",\"bottom\":\"0\"},\"padding\":{\"top\":\"var:preset|spacing|50\",\"bottom\":\"var:preset|spacing|50\",\"left\":\"var:preset|spacing|50\",\"right\":\"var:preset|spacing|50\"}}},\"backgroundColor\":\"base-2\",\"layout\":{\"type\":\"constrained\"}} -->\n<!-- wp:group {\"style\":{\"spacing\":{\"blockGap\":\"0px\"}},\"layout\":{\"type\":\"flex\",\"orientation\":\"vertical\",\"justifyContent\":\"center\"}} -->\n<!-- wp:heading {\"textAlign\":\"center\",\"className\":\"is-style-asterisk\"} -->\n<h2>\u00a0<\/h2>\n<!-- \/wp:heading --><!-- wp:spacer {\"height\":\"0px\",\"style\":{\"layout\":{\"flexSize\":\"1.25rem\",\"selfStretch\":\"fixed\"}}} -->\n\u00a0\n<!-- \/wp:spacer --><!-- wp:paragraph {\"align\":\"center\"} -->\n<p>\u00a0<\/p>\n<!-- \/wp:paragraph -->\n<!-- \/wp:group --><!-- wp:spacer {\"height\":\"var:preset|spacing|40\",\"style\":{\"spacing\":{\"margin\":{\"top\":\"0\",\"bottom\":\"0\"}}}} -->\n\u00a0\n<!-- \/wp:spacer --><!-- wp:columns {\"align\":\"wide\",\"style\":{\"spacing\":{\"blockGap\":{\"top\":\"var:preset|spacing|30\",\"left\":\"var:preset|spacing|40\"}}}} -->\n<!-- wp:column {\"style\":{\"spacing\":{\"blockGap\":\"var:preset|spacing|10\"}}} -->\n<!-- wp:heading {\"textAlign\":\"left\",\"level\":3,\"style\":{\"typography\":{\"fontStyle\":\"normal\",\"fontWeight\":\"600\"}},\"className\":\"is-style-asterisk\",\"fontSize\":\"medium\",\"fontFamily\":\"body\"} -->\n\u00a0\n<h3 style=\"font-style: normal; font-weight: 600;\">\u00a0<\/h3>\n<!-- \/wp:heading --><!-- wp:paragraph {\"align\":\"left\"} -->\n<p>Experience the fusion of imagination and expertise with \u00c9tudes Architectural Solutions.<\/p>\n<!-- \/wp:paragraph -->\n<!-- \/wp:column --><!-- wp:column {\"style\":{\"spacing\":{\"blockGap\":\"var:preset|spacing|10\"}}} -->\n<!-- wp:heading {\"textAlign\":\"left\",\"level\":3,\"style\":{\"typography\":{\"fontStyle\":\"normal\",\"fontWeight\":\"600\"}},\"className\":\"is-style-asterisk\",\"fontSize\":\"medium\",\"fontFamily\":\"body\"} -->\n<h3 style=\"font-style: normal; font-weight: 600;\">Architectural Solutions<\/h3>\n<!-- \/wp:column --><!-- wp:column {\"verticalAlignment\":\"center\",\"width\":\"40%\"} -->\n<!-- wp:heading {\"level\":3,\"className\":\"is-style-asterisk\"} -->\n<h3>\u00c9tudes Newsletter<\/h3>\n<!-- \/wp:heading --><!-- wp:list {\"style\":{\"typography\":{\"lineHeight\":\"1.75\"}},\"className\":\"is-style-checkmark-list\"} -->\n<ul style=\"line-height: 1.75;\"><!-- wp:list-item --><\/ul>\n\u00a0\n<!-- \/wp:buttons --><!-- wp:spacer {\"height\":\"var:preset|spacing|10\"} -->\n\u00a0\n<!-- \/wp:spacer -->\n<!-- \/wp:group -->\n<!-- \/wp:group -->\t\t\n\t\t\t<style>\/*! elementor - v3.21.0 - 26-05-2024 *\/\n.elementor-widget-image{text-align:center}.elementor-widget-image a{display:inline-block}.elementor-widget-image a img[src$=\".svg\"]{width:48px}.elementor-widget-image img{vertical-align:middle;display:inline-block}<\/style>\t\t\t\t\t\t\t\t\t\t<img decoding=\"async\" src=\"http:\/\/jansen-meeresfunkeln.de\/wp-content\/plugins\/elementor\/assets\/images\/placeholder.png\" title=\"\" alt=\"\" loading=\"lazy\" \/>\t\t\t\t\t\t\t\t\t\t\t\t\t\n\t\t\t\t\t\t\t\t\t\t\t\t\t<img decoding=\"async\" src=\"http:\/\/jansen-meeresfunkeln.de\/wp-content\/plugins\/elementor\/assets\/images\/placeholder.png\" title=\"\" alt=\"\" loading=\"lazy\" \/>\t\t\t\t\t\t\t\t\t\t\t\t\t\n\t\t\t<style>\/*! elementor - v3.21.0 - 26-05-2024 *\/\n.elementor-column .elementor-spacer-inner{height:var(--spacer-size)}.e-con{--container-widget-width:100%}.e-con-inner>.elementor-widget-spacer,.e-con>.elementor-widget-spacer{width:var(--container-widget-width,var(--spacer-size));--align-self:var(--container-widget-align-self,initial);--flex-shrink:0}.e-con-inner>.elementor-widget-spacer>.elementor-widget-container,.e-con>.elementor-widget-spacer>.elementor-widget-container{height:100%;width:100%}.e-con-inner>.elementor-widget-spacer>.elementor-widget-container>.elementor-spacer,.e-con>.elementor-widget-spacer>.elementor-widget-container>.elementor-spacer{height:100%}.e-con-inner>.elementor-widget-spacer>.elementor-widget-container>.elementor-spacer>.elementor-spacer-inner,.e-con>.elementor-widget-spacer>.elementor-widget-container>.elementor-spacer>.elementor-spacer-inner{height:var(--container-widget-height,var(--spacer-size))}.e-con-inner>.elementor-widget-spacer.elementor-widget-empty,.e-con>.elementor-widget-spacer.elementor-widget-empty{position:relative;min-height:22px;min-width:22px}.e-con-inner>.elementor-widget-spacer.elementor-widget-empty .elementor-widget-empty-icon,.e-con>.elementor-widget-spacer.elementor-widget-empty .elementor-widget-empty-icon{position:absolute;top:0;bottom:0;left:0;right:0;margin:auto;padding:0;width:22px;height:22px}<\/style><!-- \/wp:post-content --><!-- \/wp:group --><!-- wp:post-content --><!-- wp:group {\"align\":\"full\",\"style\":{\"spacing\":{\"padding\":{\"top\":\"var:preset|spacing|50\",\"bottom\":\"var:preset|spacing|50\",\"left\":\"var:preset|spacing|50\",\"right\":\"var:preset|spacing|50\"}}},\"layout\":{\"type\":\"constrained\",\"contentSize\":\"\",\"wideSize\":\"\"}} -->\n<!-- wp:group {\"style\":{\"spacing\":{\"blockGap\":\"0px\"}},\"layout\":{\"type\":\"constrained\",\"contentSize\":\"565px\"}} -->\n<!-- wp:heading {\"textAlign\":\"center\",\"level\":1,\"fontSize\":\"x-large\"} -->\n\u00a0\n<!-- \/wp:heading --><!-- wp:buttons {\"layout\":{\"type\":\"flex\",\"justifyContent\":\"center\"}} -->\n<!-- wp:button -->\n\u00a0\n<!-- \/wp:button -->\n<!-- \/wp:buttons -->\n<!-- \/wp:group --><!-- wp:spacer {\"height\":\"var:preset|spacing|30\",\"style\":{\"layout\":[]}} -->\n\u00a0\n<!-- \/wp:spacer --><!-- wp:image {\"id\":21,\"width\":\"1150px\",\"height\":\"auto\",\"sizeSlug\":\"full\",\"linkDestination\":\"none\",\"align\":\"center\",\"className\":\"is-style-default\"} -->\n<figure><img decoding=\"async\" style=\"width: 1150px; height: auto;\" src=\"http:\/\/jansen-meeresfunkeln.de\/wp-content\/uploads\/2024\/05\/DSC02316-1-scaled.jpg\" alt=\"\" \/><\/figure>\n<!-- \/wp:image --><!-- wp:group {\"align\":\"wide\",\"layout\":{\"type\":\"constrained\"}} -->\n<!-- wp:gallery {\"linkTo\":\"none\",\"sizeSlug\":\"full\",\"align\":\"wide\"} -->\n<figure><!-- wp:image {\"id\":50,\"sizeSlug\":\"full\",\"linkDestination\":\"none\"} -->\n<figure><img fetchpriority=\"high\" decoding=\"async\" src=\"http:\/\/jansen-meeresfunkeln.de\/wp-content\/uploads\/2024\/05\/DSC02311-Kopie-Kopie-scaled.jpg\" alt=\"\" width=\"2560\" height=\"1440\" \/><\/figure>\n<!-- \/wp:image --><!-- wp:image {\"id\":48,\"sizeSlug\":\"full\",\"linkDestination\":\"none\"} -->\n<figure><img decoding=\"async\" src=\"http:\/\/jansen-meeresfunkeln.de\/wp-content\/uploads\/2024\/05\/DSC02319-Kopie-Kopie-scaled.jpg\" alt=\"\" width=\"2560\" height=\"1568\" \/><\/figure>\n<!-- \/wp:image --><!-- wp:image {\"id\":51,\"sizeSlug\":\"full\",\"linkDestination\":\"none\"} -->\n<figure><img decoding=\"async\" src=\"http:\/\/jansen-meeresfunkeln.de\/wp-content\/uploads\/2024\/05\/DSC02322-Kopie-Kopie-scaled.jpg\" alt=\"\" \/><\/figure>\n<!-- \/wp:image --><!-- wp:image {\"id\":46,\"sizeSlug\":\"full\",\"linkDestination\":\"none\"} -->\n<figure><img decoding=\"async\" src=\"http:\/\/jansen-meeresfunkeln.de\/wp-content\/uploads\/2024\/05\/DSC02322-Kopie-2-1024x677.jpg\" alt=\"\" width=\"1024\" height=\"677\" \/><\/figure>\n<!-- \/wp:image --><!-- wp:image {\"id\":47,\"sizeSlug\":\"full\",\"linkDestination\":\"none\"} \/--><!-- wp:image {\"id\":49,\"sizeSlug\":\"full\",\"linkDestination\":\"none\"} \/--><!-- wp:image {\"id\":52,\"sizeSlug\":\"full\",\"linkDestination\":\"none\"} -->\n<figure><img decoding=\"async\" src=\"http:\/\/jansen-meeresfunkeln.de\/wp-content\/uploads\/2024\/05\/DSC02324-1-scaled.jpg\" alt=\"\" \/><\/figure>\n<!-- \/wp:image --><!-- wp:image {\"id\":54,\"sizeSlug\":\"full\",\"linkDestination\":\"none\"} -->\n<figure><img loading=\"lazy\" decoding=\"async\" src=\"http:\/\/jansen-meeresfunkeln.de\/wp-content\/uploads\/2024\/05\/DSC02328-Kopie-scaled.jpg\" alt=\"\" width=\"2560\" height=\"1699\" \/><\/figure>\n<!-- \/wp:image --><!-- wp:image {\"id\":53,\"sizeSlug\":\"full\",\"linkDestination\":\"none\"} -->\n<figure><img decoding=\"async\" src=\"http:\/\/jansen-meeresfunkeln.de\/wp-content\/uploads\/2024\/05\/DSC02330-Kopie-scaled.jpg\" alt=\"\" \/><\/figure>\n<!-- \/wp:image --><!-- wp:image {\"id\":56,\"sizeSlug\":\"full\",\"linkDestination\":\"none\"} -->\n<figure><img decoding=\"async\" src=\"http:\/\/jansen-meeresfunkeln.de\/wp-content\/uploads\/2024\/05\/DSC02331-1-scaled.jpg\" alt=\"\" \/><\/figure>\n<!-- \/wp:image --><!-- wp:image {\"id\":55,\"sizeSlug\":\"full\",\"linkDestination\":\"none\"} -->\n<figure><img decoding=\"async\" src=\"http:\/\/jansen-meeresfunkeln.de\/wp-content\/uploads\/2024\/05\/DSC02336-1-scaled.jpg\" alt=\"\" \/><\/figure>\n<!-- \/wp:image --><!-- wp:image {\"id\":57,\"sizeSlug\":\"full\",\"linkDestination\":\"none\"} -->\n<figure><img decoding=\"async\" src=\"http:\/\/jansen-meeresfunkeln.de\/wp-content\/uploads\/2024\/05\/DSC02339-1-scaled.jpg\" alt=\"\" \/><\/figure>\n<!-- \/wp:image --><!-- wp:image {\"id\":58,\"sizeSlug\":\"full\",\"linkDestination\":\"none\"} -->\n<figure><img decoding=\"async\" src=\"http:\/\/jansen-meeresfunkeln.de\/wp-content\/uploads\/2024\/05\/DSC02342-1-scaled.jpg\" alt=\"\" \/><\/figure>\n<!-- \/wp:image --><!-- wp:image {\"id\":62,\"sizeSlug\":\"full\",\"linkDestination\":\"none\"} -->\n<figure><img decoding=\"async\" src=\"http:\/\/jansen-meeresfunkeln.de\/wp-content\/uploads\/2024\/05\/DSC02364-1-scaled.jpg\" alt=\"\" \/><\/figure>\n<!-- \/wp:image --><!-- wp:image -->\n<figure><img \/><\/figure>\n<!-- \/wp:image --><!-- wp:image -->\n<figure><img \/><\/figure>\n<!-- \/wp:image --><!-- wp:image -->\n<figure><img \/><\/figure>\n<!-- \/wp:image --><!-- wp:image {\"id\":63,\"sizeSlug\":\"full\",\"linkDestination\":\"none\"} -->\n<figure><img decoding=\"async\" src=\"http:\/\/jansen-meeresfunkeln.de\/wp-content\/uploads\/2024\/05\/DSC02380-1-scaled.jpg\" alt=\"\" \/><\/figure>\n<!-- \/wp:image --><!-- wp:image {\"id\":64,\"sizeSlug\":\"full\",\"linkDestination\":\"none\"} -->\n<figure><img decoding=\"async\" src=\"http:\/\/jansen-meeresfunkeln.de\/wp-content\/uploads\/2024\/05\/DSC02386-1-scaled.jpg\" alt=\"\" \/><\/figure>\n<!-- \/wp:image --><!-- wp:image {\"id\":65,\"sizeSlug\":\"full\",\"linkDestination\":\"none\"} -->\n<figure><img decoding=\"async\" src=\"http:\/\/jansen-meeresfunkeln.de\/wp-content\/uploads\/2024\/05\/DSC02387-1-scaled.jpg\" alt=\"\" \/><\/figure>\n<!-- \/wp:image --><\/figure>\n<!-- \/wp:gallery -->\n<!-- \/wp:group --><!-- wp:paragraph -->\n<p>Wohnzimmer, mit Terrasse nach Osten und S\u00fcd-S\u00fcd-Osten.<\/p>\n<!-- \/wp:paragraph -->\n<!-- \/wp:group --><!-- wp:group {\"align\":\"full\",\"style\":{\"spacing\":{\"margin\":{\"top\":\"0\",\"bottom\":\"0\"},\"padding\":{\"top\":\"var:preset|spacing|50\",\"bottom\":\"var:preset|spacing|50\",\"left\":\"var:preset|spacing|50\",\"right\":\"var:preset|spacing|50\"}}},\"backgroundColor\":\"base-2\",\"layout\":{\"type\":\"constrained\"}} -->\n<!-- wp:group {\"style\":{\"spacing\":{\"blockGap\":\"0px\"}},\"layout\":{\"type\":\"flex\",\"orientation\":\"vertical\",\"justifyContent\":\"center\"}} -->\n<!-- wp:heading {\"textAlign\":\"center\",\"className\":\"is-style-asterisk\"} -->\n<h2>\u00a0<\/h2>\n<!-- \/wp:heading --><!-- wp:spacer {\"height\":\"0px\",\"style\":{\"layout\":{\"flexSize\":\"1.25rem\",\"selfStretch\":\"fixed\"}}} -->\n\u00a0\n<!-- \/wp:spacer --><!-- wp:paragraph {\"align\":\"center\"} -->\n<p>\u00a0<\/p>\n<!-- \/wp:paragraph -->\n<!-- \/wp:group --><!-- wp:spacer {\"height\":\"var:preset|spacing|40\",\"style\":{\"spacing\":{\"margin\":{\"top\":\"0\",\"bottom\":\"0\"}}}} -->\n\u00a0\n<!-- \/wp:spacer --><!-- wp:columns {\"align\":\"wide\",\"style\":{\"spacing\":{\"blockGap\":{\"top\":\"var:preset|spacing|30\",\"left\":\"var:preset|spacing|40\"}}}} -->\n<!-- wp:column {\"style\":{\"spacing\":{\"blockGap\":\"var:preset|spacing|10\"}}} -->\n<!-- wp:heading {\"textAlign\":\"left\",\"level\":3,\"style\":{\"typography\":{\"fontStyle\":\"normal\",\"fontWeight\":\"600\"}},\"className\":\"is-style-asterisk\",\"fontSize\":\"medium\",\"fontFamily\":\"body\"} -->\n\u00a0\n<h3 style=\"font-style: normal; font-weight: 600;\">\u00a0<\/h3>\n<!-- \/wp:heading --><!-- wp:paragraph {\"align\":\"left\"} -->\n<p>Experience the fusion of imagination and expertise with \u00c9tudes Architectural Solutions.<\/p>\n<!-- \/wp:paragraph -->\n<!-- \/wp:column --><!-- wp:column {\"style\":{\"spacing\":{\"blockGap\":\"var:preset|spacing|10\"}}} -->\n<!-- wp:heading {\"textAlign\":\"left\",\"level\":3,\"style\":{\"typography\":{\"fontStyle\":\"normal\",\"fontWeight\":\"600\"}},\"className\":\"is-style-asterisk\",\"fontSize\":\"medium\",\"fontFamily\":\"body\"} -->\n<h3 style=\"font-style: normal; font-weight: 600;\">Architectural Solutions<\/h3>\n<!-- \/wp:column --><!-- wp:column {\"verticalAlignment\":\"center\",\"width\":\"40%\"} -->\n<!-- wp:heading {\"level\":3,\"className\":\"is-style-asterisk\"} -->\n<h3>\u00c9tudes Newsletter<\/h3>\n<!-- \/wp:heading --><!-- wp:list {\"style\":{\"typography\":{\"lineHeight\":\"1.75\"}},\"className\":\"is-style-checkmark-list\"} -->\n<ul style=\"line-height: 1.75;\"><!-- wp:list-item --><\/ul>\n\u00a0\n<!-- \/wp:buttons --><!-- wp:spacer {\"height\":\"var:preset|spacing|10\"} -->\n\u00a0\n<!-- \/wp:spacer -->\n<!-- \/wp:group -->\n<!-- \/wp:group -->\t\t\n\t\t\t<style>\/*! elementor - v3.21.0 - 26-05-2024 *\/\n.elementor-widget-image{text-align:center}.elementor-widget-image a{display:inline-block}.elementor-widget-image a img[src$=\".svg\"]{width:48px}.elementor-widget-image img{vertical-align:middle;display:inline-block}<\/style>\t\t\t\t\t\t\t\t\t\t<img decoding=\"async\" src=\"http:\/\/jansen-meeresfunkeln.de\/wp-content\/plugins\/elementor\/assets\/images\/placeholder.png\" title=\"\" alt=\"\" loading=\"lazy\" \/>\t\t\t\t\t\t\t\t\t\t\t\t\t\n\t\t\t\t\t\t\t\t\t\t\t\t\t<img decoding=\"async\" src=\"http:\/\/jansen-meeresfunkeln.de\/wp-content\/plugins\/elementor\/assets\/images\/placeholder.png\" title=\"\" alt=\"\" loading=\"lazy\" \/>\t\t\t\t\t\t\t\t\t\t\t\t\t\n\t\t\t<style>\/*! elementor - v3.21.0 - 26-05-2024 *\/\n.elementor-column .elementor-spacer-inner{height:var(--spacer-size)}.e-con{--container-widget-width:100%}.e-con-inner>.elementor-widget-spacer,.e-con>.elementor-widget-spacer{width:var(--container-widget-width,var(--spacer-size));--align-self:var(--container-widget-align-self,initial);--flex-shrink:0}.e-con-inner>.elementor-widget-spacer>.elementor-widget-container,.e-con>.elementor-widget-spacer>.elementor-widget-container{height:100%;width:100%}.e-con-inner>.elementor-widget-spacer>.elementor-widget-container>.elementor-spacer,.e-con>.elementor-widget-spacer>.elementor-widget-container>.elementor-spacer{height:100%}.e-con-inner>.elementor-widget-spacer>.elementor-widget-container>.elementor-spacer>.elementor-spacer-inner,.e-con>.elementor-widget-spacer>.elementor-widget-container>.elementor-spacer>.elementor-spacer-inner{height:var(--container-widget-height,var(--spacer-size))}.e-con-inner>.elementor-widget-spacer.elementor-widget-empty,.e-con>.elementor-widget-spacer.elementor-widget-empty{position:relative;min-height:22px;min-width:22px}.e-con-inner>.elementor-widget-spacer.elementor-widget-empty .elementor-widget-empty-icon,.e-con>.elementor-widget-spacer.elementor-widget-empty .elementor-widget-empty-icon{position:absolute;top:0;bottom:0;left:0;right:0;margin:auto;padding:0;width:22px;height:22px}<\/style><!-- \/wp:post-content -->","protected":false},"excerpt":{"rendered":"<p>\u00a0 Wohnzimmer, mit Terrasse nach Osten und S\u00fcd-S\u00fcd-Osten. Architectural Solutions \u00c9tudes Newsletter \u00a0 \u00a0 Experience the fusion of imagination and expertise with \u00c9tudes Architectural Solutions. \u00a0 \u00a0<\/p>\n","protected":false},"author":1,"featured_media":0,"parent":0,"menu_order":0,"comment_status":"closed","ping_status":"closed","template":"","meta":{"footnotes":""},"class_list":["post-19","page","type-page","status-publish","hentry"],"_links":{"self":[{"href":"https:\/\/jansen-meeresfunkeln.de\/index.php?rest_route=\/wp\/v2\/pages\/19","targetHints":{"allow":["GET"]}}],"collection":[{"href":"https:\/\/jansen-meeresfunkeln.de\/index.php?rest_route=\/wp\/v2\/pages"}],"about":[{"href":"https:\/\/jansen-meeresfunkeln.de\/index.php?rest_route=\/wp\/v2\/types\/page"}],"author":[{"embeddable":true,"href":"https:\/\/jansen-meeresfunkeln.de\/index.php?rest_route=\/wp\/v2\/users\/1"}],"replies":[{"embeddable":true,"href":"https:\/\/jansen-meeresfunkeln.de\/index.php?rest_route=%2Fwp%2Fv2%2Fcomments&post=19"}],"version-history":[{"count":27,"href":"https:\/\/jansen-meeresfunkeln.de\/index.php?rest_route=\/wp\/v2\/pages\/19\/revisions"}],"predecessor-version":[{"id":111,"href":"https:\/\/jansen-meeresfunkeln.de\/index.php?rest_route=\/wp\/v2\/pages\/19\/revisions\/111"}],"wp:attachment":[{"href":"https:\/\/jansen-meeresfunkeln.de\/index.php?rest_route=%2Fwp%2Fv2%2Fmedia&parent=19"}],"curies":[{"name":"wp","href":"https:\/\/api.w.org\/{rel}","templated":true}]}}